{"id":625,"date":"2024-12-04T14:24:15","date_gmt":"2024-12-04T13:24:15","guid":{"rendered":"https:\/\/smc-alumni.ch\/?page_id=625"},"modified":"2026-03-09T00:11:44","modified_gmt":"2026-03-08T23:11:44","slug":"events-de","status":"publish","type":"page","link":"https:\/\/smc-alumni.ch\/?page_id=625&lang=de","title":{"rendered":"Veranstaltungen"},"content":{"rendered":"<div class=\"wpb-content-wrapper\">[vc_row full_height=\u00a0\u00bbyes\u00a0\u00bb css=\u00a0\u00bb.vc_custom_1733326615690{background-color: rgba(255,255,255,0.8) !important;*background-color: rgb(255,255,255) !important;}\u00a0\u00bb][vc_column][vc_row_inner css=\u00a0\u00bb.vc_custom_1733272043216{padding-right: 40px !important;padding-left: 40px !important;}\u00a0\u00bb][vc_column_inner]<div class=\"vcex-spacing wpex-w-100 wpex-clear\"><\/div>[vc_column_text css=\u00a0\u00bb\u00a0\u00bb]\n<h1><span class=\"wpex-text-2xl\">SMC ALUMNI Veranstaltungen<\/span><\/h1>\n[\/vc_column_text]<div class=\"vcex-spacing wpex-w-100 wpex-clear\"><\/div>[vc_column_text css=\u00a0\u00bb\u00a0\u00bb]\n<p style=\"text-align: justify;\"><span class=\"wpex-text-lg\">Der Verein SMC ALUMNI organisiert sowohl regionale als auch gesamtschweizerische Veranstaltungen.<\/span><\/p>\n<p style=\"text-align: justify;\"><span class=\"wpex-text-lg\">Die Regionen Z\u00fcrich, Basel und Bern &amp; Romandie haben jeweils eine WhatsApp-Gruppe. \u00dcber diese werden regionale Treffen, die von Besuch eines Weihnachtsmarkets bis hin zu einem gem\u00fctlichen Essen an einem Abend unter der Woche reichen. <\/span><span class=\"wpex-text-lg\">Wenn Sie SMC ALUMNI Mitglied sind, und sich einer oder mehreren Gruppen anschliessen m\u00f6chten, <a href=\"mailto:info@smc-alumni.ch\">schreiben Sie uns<\/a>.<br \/>\n<\/span><\/p>\n<p style=\"text-align: justify;\"><span class=\"wpex-text-lg\">Neben diesen regionalen Treffen organisiert der Vorstand jedes Jahr mindestens zwei schweizweite Treffen, n\u00e4mlich die Teilnahme am Willkommensap\u00e9ro der m\u00fcndlichen Runde des Swiss Moot Court und eine Summer Event.<\/span><\/p>\n<p style=\"text-align: justify;\"><span class=\"wpex-text-lg\">Alle SMC ALUMNI sind Sie sind zu allen Veranstaltungen eingeladen. Die Veranstaltungen sind eine ausgezeichnete Gelegenheit, zum Austausch und um den Geist des Swiss Moot Court weiterleben zu lassen.<\/span><\/p>\n<p style=\"text-align: justify;\"><span class=\"wpex-text-lg\">Die an den Veranstaltungen geschossenen Fotos sind aud fer Webseite verf\u00fcgbar. Das Passwort zu den Fotos wurde den Mitgliedern jeweils separat zugestellt. Wenn Sie an einer der unten aufgef\u00fchrten Veranstaltungen teilgenommen und kein Passwort erhalten haben, wenden Sie sich bitte an <a href=\"mailto:info@smc-alumni.ch\">uns schreiben<\/a>.<\/span><\/p>\n[\/vc_column_text]<div class=\"vcex-spacing wpex-w-100 wpex-clear\" style=\"height:35px;\"><\/div>[vc_separator css=\u00a0\u00bb.vc_custom_1733316487480{background-color: #b5b5b5 !important;}\u00a0\u00bb][vc_column_text css=\u00a0\u00bb\u00a0\u00bb color=\u00a0\u00bb#000000&Prime;]\n<h1><strong><span class=\"wpex-text-2xl\">N\u00e4chste Veranstaltung(en)<\/span><\/strong><\/h1>\n[\/vc_column_text]<!=========Events list Template 2.6.2=========><div id=\"ect-events-list-content\"><div id=\"list-wrp\" class=\"ect-list-wrapper all\"><div id=\"event-781\" class=\"ect-list-post style-1 ect-simple-event future\"><div class=\"ect-list-post-left \">\n\t\t\t\t<div class=\"ect-list-img\" style=\"background-image:url(&#039;https:\/\/smc-alumni.ch\/wp-content\/uploads\/2025\/12\/Tribunal-federal-1-1024x465.jpg&#039;);background-size:cover;\"><a href=\"https:\/\/smc-alumni.ch\/?tribe_events=visite-du-tribunal-federal\" alt=\"Visite du Tribunal f\u00e9d\u00e9ral\" rel=\"bookmark\"><div class=\"ect-list-date\"><div class=\"ect-date-area default-schedule\"><span class=\"ev-day\">17<\/span>\n\t\t\t\t\t<span class=\"ev-mo\">avril<\/span>\n\t\t\t\t\t<span class=\"ev-yr\">2026<\/span><\/div><\/div><\/a><\/div><\/div><!-- left-post close --><div class=\"ect-list-post-right\">\n\t\t\t\t<div class=\"ect-list-post-right-table\"><div class=\"ect-list-description\" style=\"width:100%;\"><h2 class=\"ect-list-title\"><a class=\"ect-event-url\" href=\"https:\/\/smc-alumni.ch\/?tribe_events=visite-du-tribunal-federal\" rel=\"bookmark\">Visite du Tribunal f\u00e9d\u00e9ral<\/a><\/h2><!-- Event Content --><div class=\"ect-event-content\"><p>Le Swiss Moot Court a toujours pu s'enorgueillir du lien tr\u00e8s particulier qu'il entretient avec la plus haute juridiction helv\u00e9tique : le Tribunal f\u00e9d\u00e9ral. En effet,le jury du Swiss Moot&hellip;<\/p>\n<\/div><a href=\"https:\/\/smc-alumni.ch\/?tribe_events=visite-du-tribunal-federal\" class=\"ect-events-read-more\" rel=\"bookmark\">Inscription \/ Anmeldung<\/a><\/div><\/div><\/div><!-- right-wrapper close --><\/div><!-- event-loop-end --><\/div><\/div>[\/vc_column_inner][\/vc_row_inner][\/vc_column][\/vc_row][vc_section css=\u00a0\u00bb.vc_custom_1733057331351{background-color: #2b3577 !important;}\u00a0\u00bb][vc_row full_width=\u00a0\u00bbstretch_row\u00a0\u00bb css=\u00a0\u00bb.vc_custom_1733056573673{background-color: #2b3577 !important;}\u00a0\u00bb][vc_column]<div class=\"vcex-spacing wpex-w-100 wpex-clear\" style=\"height:30px;\"><\/div>[vc_column_text css=\u00a0\u00bb\u00a0\u00bb color=\u00a0\u00bb#ffffff\u00a0\u00bb text_align=\u00a0\u00bbcenter\u00a0\u00bb]\n<h1><strong><span class=\"wpex-text-2xl\">Bisherige Veranstaltungen<\/span><br \/>\n<\/strong><\/h1>\n[\/vc_column_text]<div class=\"vcex-spacing wpex-w-100 wpex-clear\" style=\"height:40px;\"><\/div>[vc_column_text css=\u00a0\u00bb\u00a0\u00bb letter_spacing=\u00a0\u00bbwide\u00a0\u00bb font_weight=\u00a0\u00bb600&Prime; color=\u00a0\u00bb#ffffff\u00a0\u00bb]\n<p style=\"text-align: center;\"><span class=\"wpex-text-xl\">19. Februar 2026, Teilnahme am SMC-Ap\u00e9ro in Luzern<\/span><\/p>\n<p style=\"text-align: center;\"><span class=\"wpex-text-xl\">19. Juli 2025, Stadtf\u00fchrung durch Lucern und Aperitif (<a href=\"https:\/\/smc-alumni.ch\/?page_id=753\">Fotos<\/a>)<\/span><\/p>\n<p style=\"text-align: center;\"><span class=\"wpex-text-xl\">13. Februar 2025, Teilnahme am SMC-Ap\u00e9ro in Luzern<\/span><\/p>\n<p style=\"text-align: center;\"><span class=\"wpex-text-xl\">24. August 2024, Stadtf\u00fchrung durch Bern und Aperitif (<a href=\"https:\/\/smc-alumni.ch\/?page_id=206\" target=\"_blank\" rel=\"noopener\">Fotos<\/a>)<\/span><\/p>\n<p style=\"text-align: center;\"><span class=\"wpex-text-xl\">15. Februar 2024, Teilnahme am SMC-Ap\u00e9ro in Luzern<\/span><\/p>\n<p style=\"text-align: center;\"><span class=\"wpex-text-xl\">29. Juli 2023, Jahrestreffen in Winterthur (<a href=\"https:\/\/smc-alumni.ch\/?page_id=170\" target=\"_blank\" rel=\"noopener\">Fotos<\/a>)<\/span><\/p>\n<p style=\"text-align: center;\"><span class=\"wpex-text-xl\">9. Februar 2023, Teilnahme am SMC-Ap\u00e9ro in Luzern<\/span><\/p>\n<p style=\"text-align: center;\"><span class=\"wpex-text-xl\">13. August 2022, Besuch und Aperitif in der Domaine du Daley in Lutry (<a href=\"https:\/\/smc-alumni.ch\/?page_id=70\" target=\"_blank\" rel=\"noopener\">Fotos<\/a>)<\/span><\/p>\n[\/vc_column_text]<div class=\"vcex-spacing wpex-w-100 wpex-clear\" style=\"height:30px;\"><\/div>[\/vc_column][\/vc_row][\/vc_section][vc_section full_width=\u00a0\u00bbstretch_row\u00a0\u00bb css=\u00a0\u00bb.vc_custom_1733058967624{background-color: #4c4c4c !important;}\u00a0\u00bb][vc_row][vc_column]<div class=\"vcex-spacing wpex-w-100 wpex-clear\" style=\"height:45px;\"><\/div><div class=\"vcex-spacing wpex-w-100 wpex-clear\"><\/div><div class=\"vcex-image-grid-wrap wpex-clr\"><div class=\"vcex-module vcex-image-grid vcex-justified-gallery wpex-clr wpex-lightbox-group\" data-justified-gallery=\"{&quot;selector&quot;:&quot;vcex-image-grid-entry&quot;,&quot;margins&quot;:5,&quot;rowHeight&quot;:200,&quot;lastRow&quot;:&quot;center&quot;,&quot;captions&quot;:false}\"><div class=\"id-19 vcex-image-grid-entry vcex-grid-item textcenter\"><figure class=\"vcex-image-grid-entry-figure wpex-last-mb-0 wpex-clr\"><div class=\"vcex-image-grid-entry-img entry-media wpex-mb-20\"><a href=\"https:\/\/smc-alumni.ch\/wp-content\/uploads\/2022\/05\/IMG_0701-scaled.jpeg\" class=\"vcex-image-grid-entry-link wpex-lightbox-group-item\" ><img width=\"2560\" height=\"1920\" src=\"https:\/\/smc-alumni.ch\/wp-content\/uploads\/2022\/05\/IMG_0701-scaled.jpeg\" class=\"wpex-align-middle skip-lazy\" alt=\"\" data-no-lazy=\"1\" srcset=\"https:\/\/smc-alumni.ch\/wp-content\/uploads\/2022\/05\/IMG_0701-scaled.jpeg 2560w, https:\/\/smc-alumni.ch\/wp-content\/uploads\/2022\/05\/IMG_0701-300x225.jpeg 300w, https:\/\/smc-alumni.ch\/wp-content\/uploads\/2022\/05\/IMG_0701-1024x768.jpeg 1024w, https:\/\/smc-alumni.ch\/wp-content\/uploads\/2022\/05\/IMG_0701-768x576.jpeg 768w, https:\/\/smc-alumni.ch\/wp-content\/uploads\/2022\/05\/IMG_0701-1536x1152.jpeg 1536w, https:\/\/smc-alumni.ch\/wp-content\/uploads\/2022\/05\/IMG_0701-2048x1536.jpeg 2048w\" sizes=\"(max-width: 2560px) 100vw, 2560px\" \/><\/a><\/div><\/figure><\/div><div class=\"id-82 vcex-image-grid-entry vcex-grid-item textcenter\"><figure class=\"vcex-image-grid-entry-figure wpex-last-mb-0 wpex-clr\"><div class=\"vcex-image-grid-entry-img entry-media wpex-mb-20\"><a href=\"https:\/\/smc-alumni.ch\/wp-content\/uploads\/2022\/08\/DSCF5838.jpeg\" class=\"vcex-image-grid-entry-link wpex-lightbox-group-item\" ><img width=\"854\" height=\"1280\" src=\"https:\/\/smc-alumni.ch\/wp-content\/uploads\/2022\/08\/DSCF5838.jpeg\" class=\"wpex-align-middle skip-lazy\" alt=\"\" data-no-lazy=\"1\" srcset=\"https:\/\/smc-alumni.ch\/wp-content\/uploads\/2022\/08\/DSCF5838.jpeg 854w, https:\/\/smc-alumni.ch\/wp-content\/uploads\/2022\/08\/DSCF5838-200x300.jpeg 200w, https:\/\/smc-alumni.ch\/wp-content\/uploads\/2022\/08\/DSCF5838-683x1024.jpeg 683w, https:\/\/smc-alumni.ch\/wp-content\/uploads\/2022\/08\/DSCF5838-768x1151.jpeg 768w\" sizes=\"(max-width: 854px) 100vw, 854px\" \/><\/a><\/div><\/figure><\/div><div class=\"id-78 vcex-image-grid-entry vcex-grid-item textcenter\"><figure class=\"vcex-image-grid-entry-figure wpex-last-mb-0 wpex-clr\"><div class=\"vcex-image-grid-entry-img entry-media wpex-mb-20\"><a href=\"https:\/\/smc-alumni.ch\/wp-content\/uploads\/2022\/08\/DSCF5692.jpeg\" class=\"vcex-image-grid-entry-link wpex-lightbox-group-item\" ><img width=\"1280\" height=\"854\" src=\"https:\/\/smc-alumni.ch\/wp-content\/uploads\/2022\/08\/DSCF5692.jpeg\" class=\"wpex-align-middle skip-lazy\" alt=\"\" data-no-lazy=\"1\" srcset=\"https:\/\/smc-alumni.ch\/wp-content\/uploads\/2022\/08\/DSCF5692.jpeg 1280w, https:\/\/smc-alumni.ch\/wp-content\/uploads\/2022\/08\/DSCF5692-300x200.jpeg 300w, https:\/\/smc-alumni.ch\/wp-content\/uploads\/2022\/08\/DSCF5692-1024x683.jpeg 1024w, https:\/\/smc-alumni.ch\/wp-content\/uploads\/2022\/08\/DSCF5692-768x512.jpeg 768w\" sizes=\"(max-width: 1280px) 100vw, 1280px\" \/><\/a><\/div><\/figure><\/div><div class=\"id-88 vcex-image-grid-entry vcex-grid-item textcenter\"><figure class=\"vcex-image-grid-entry-figure wpex-last-mb-0 wpex-clr\"><div class=\"vcex-image-grid-entry-img entry-media wpex-mb-20\"><a href=\"https:\/\/smc-alumni.ch\/wp-content\/uploads\/2022\/08\/DSCF5969.jpeg\" class=\"vcex-image-grid-entry-link wpex-lightbox-group-item\" ><img width=\"854\" height=\"1280\" src=\"https:\/\/smc-alumni.ch\/wp-content\/uploads\/2022\/08\/DSCF5969.jpeg\" class=\"wpex-align-middle skip-lazy\" alt=\"\" data-no-lazy=\"1\" srcset=\"https:\/\/smc-alumni.ch\/wp-content\/uploads\/2022\/08\/DSCF5969.jpeg 854w, https:\/\/smc-alumni.ch\/wp-content\/uploads\/2022\/08\/DSCF5969-200x300.jpeg 200w, https:\/\/smc-alumni.ch\/wp-content\/uploads\/2022\/08\/DSCF5969-683x1024.jpeg 683w, https:\/\/smc-alumni.ch\/wp-content\/uploads\/2022\/08\/DSCF5969-768x1151.jpeg 768w\" sizes=\"(max-width: 854px) 100vw, 854px\" \/><\/a><\/div><\/figure><\/div><div class=\"id-99 vcex-image-grid-entry vcex-grid-item textcenter\"><figure class=\"vcex-image-grid-entry-figure wpex-last-mb-0 wpex-clr\"><div class=\"vcex-image-grid-entry-img entry-media wpex-mb-20\"><a href=\"https:\/\/smc-alumni.ch\/wp-content\/uploads\/2022\/08\/DSCF6443.jpeg\" class=\"vcex-image-grid-entry-link wpex-lightbox-group-item\" ><img width=\"854\" height=\"1280\" src=\"https:\/\/smc-alumni.ch\/wp-content\/uploads\/2022\/08\/DSCF6443.jpeg\" class=\"wpex-align-middle skip-lazy\" alt=\"\" data-no-lazy=\"1\" srcset=\"https:\/\/smc-alumni.ch\/wp-content\/uploads\/2022\/08\/DSCF6443.jpeg 854w, https:\/\/smc-alumni.ch\/wp-content\/uploads\/2022\/08\/DSCF6443-200x300.jpeg 200w, https:\/\/smc-alumni.ch\/wp-content\/uploads\/2022\/08\/DSCF6443-683x1024.jpeg 683w, https:\/\/smc-alumni.ch\/wp-content\/uploads\/2022\/08\/DSCF6443-768x1151.jpeg 768w\" sizes=\"(max-width: 854px) 100vw, 854px\" \/><\/a><\/div><\/figure><\/div><div class=\"id-143 vcex-image-grid-entry vcex-grid-item textcenter\"><figure class=\"vcex-image-grid-entry-figure wpex-last-mb-0 wpex-clr\"><div class=\"vcex-image-grid-entry-img entry-media wpex-mb-20\"><a href=\"https:\/\/smc-alumni.ch\/wp-content\/uploads\/2022\/10\/DSCF6860-scaled.jpg\" class=\"vcex-image-grid-entry-link wpex-lightbox-group-item\" ><img width=\"2560\" height=\"1706\" src=\"https:\/\/smc-alumni.ch\/wp-content\/uploads\/2022\/10\/DSCF6860-scaled.jpg\" class=\"wpex-align-middle skip-lazy\" alt=\"\" data-no-lazy=\"1\" srcset=\"https:\/\/smc-alumni.ch\/wp-content\/uploads\/2022\/10\/DSCF6860-scaled.jpg 2560w, https:\/\/smc-alumni.ch\/wp-content\/uploads\/2022\/10\/DSCF6860-300x200.jpg 300w, https:\/\/smc-alumni.ch\/wp-content\/uploads\/2022\/10\/DSCF6860-1024x683.jpg 1024w, https:\/\/smc-alumni.ch\/wp-content\/uploads\/2022\/10\/DSCF6860-768x512.jpg 768w, https:\/\/smc-alumni.ch\/wp-content\/uploads\/2022\/10\/DSCF6860-1536x1024.jpg 1536w, https:\/\/smc-alumni.ch\/wp-content\/uploads\/2022\/10\/DSCF6860-2048x1365.jpg 2048w\" sizes=\"(max-width: 2560px) 100vw, 2560px\" \/><\/a><\/div><\/figure><\/div><div class=\"id-174 vcex-image-grid-entry vcex-grid-item textcenter\"><figure class=\"vcex-image-grid-entry-figure wpex-last-mb-0 wpex-clr\"><div class=\"vcex-image-grid-entry-img entry-media wpex-mb-20\"><a href=\"https:\/\/smc-alumni.ch\/wp-content\/uploads\/2023\/08\/IMG_7871-scaled.jpg\" class=\"vcex-image-grid-entry-link wpex-lightbox-group-item\" ><img width=\"2560\" height=\"1707\" src=\"https:\/\/smc-alumni.ch\/wp-content\/uploads\/2023\/08\/IMG_7871-scaled.jpg\" class=\"wpex-align-middle skip-lazy\" alt=\"\" data-no-lazy=\"1\" srcset=\"https:\/\/smc-alumni.ch\/wp-content\/uploads\/2023\/08\/IMG_7871-scaled.jpg 2560w, https:\/\/smc-alumni.ch\/wp-content\/uploads\/2023\/08\/IMG_7871-300x200.jpg 300w, https:\/\/smc-alumni.ch\/wp-content\/uploads\/2023\/08\/IMG_7871-1024x683.jpg 1024w, https:\/\/smc-alumni.ch\/wp-content\/uploads\/2023\/08\/IMG_7871-768x512.jpg 768w, https:\/\/smc-alumni.ch\/wp-content\/uploads\/2023\/08\/IMG_7871-1536x1024.jpg 1536w, https:\/\/smc-alumni.ch\/wp-content\/uploads\/2023\/08\/IMG_7871-2048x1365.jpg 2048w\" sizes=\"(max-width: 2560px) 100vw, 2560px\" \/><\/a><\/div><\/figure><\/div><div class=\"id-178 vcex-image-grid-entry vcex-grid-item textcenter\"><figure class=\"vcex-image-grid-entry-figure wpex-last-mb-0 wpex-clr\"><div class=\"vcex-image-grid-entry-img entry-media wpex-mb-20\"><a href=\"https:\/\/smc-alumni.ch\/wp-content\/uploads\/2023\/08\/IMG_7898-scaled.jpg\" class=\"vcex-image-grid-entry-link wpex-lightbox-group-item\" ><img width=\"2560\" height=\"1707\" src=\"https:\/\/smc-alumni.ch\/wp-content\/uploads\/2023\/08\/IMG_7898-scaled.jpg\" class=\"wpex-align-middle skip-lazy\" alt=\"\" data-no-lazy=\"1\" srcset=\"https:\/\/smc-alumni.ch\/wp-content\/uploads\/2023\/08\/IMG_7898-scaled.jpg 2560w, https:\/\/smc-alumni.ch\/wp-content\/uploads\/2023\/08\/IMG_7898-300x200.jpg 300w, https:\/\/smc-alumni.ch\/wp-content\/uploads\/2023\/08\/IMG_7898-1024x683.jpg 1024w, https:\/\/smc-alumni.ch\/wp-content\/uploads\/2023\/08\/IMG_7898-768x512.jpg 768w, https:\/\/smc-alumni.ch\/wp-content\/uploads\/2023\/08\/IMG_7898-1536x1024.jpg 1536w, https:\/\/smc-alumni.ch\/wp-content\/uploads\/2023\/08\/IMG_7898-2048x1365.jpg 2048w\" sizes=\"(max-width: 2560px) 100vw, 2560px\" \/><\/a><\/div><\/figure><\/div><div class=\"id-184 vcex-image-grid-entry vcex-grid-item textcenter\"><figure class=\"vcex-image-grid-entry-figure wpex-last-mb-0 wpex-clr\"><div class=\"vcex-image-grid-entry-img entry-media wpex-mb-20\"><a href=\"https:\/\/smc-alumni.ch\/wp-content\/uploads\/2023\/08\/IMG_7965-scaled.jpg\" class=\"vcex-image-grid-entry-link wpex-lightbox-group-item\" ><img width=\"2560\" height=\"1707\" src=\"https:\/\/smc-alumni.ch\/wp-content\/uploads\/2023\/08\/IMG_7965-scaled.jpg\" class=\"wpex-align-middle skip-lazy\" alt=\"\" data-no-lazy=\"1\" srcset=\"https:\/\/smc-alumni.ch\/wp-content\/uploads\/2023\/08\/IMG_7965-scaled.jpg 2560w, https:\/\/smc-alumni.ch\/wp-content\/uploads\/2023\/08\/IMG_7965-300x200.jpg 300w, https:\/\/smc-alumni.ch\/wp-content\/uploads\/2023\/08\/IMG_7965-1024x683.jpg 1024w, https:\/\/smc-alumni.ch\/wp-content\/uploads\/2023\/08\/IMG_7965-768x512.jpg 768w, https:\/\/smc-alumni.ch\/wp-content\/uploads\/2023\/08\/IMG_7965-1536x1024.jpg 1536w, https:\/\/smc-alumni.ch\/wp-content\/uploads\/2023\/08\/IMG_7965-2048x1365.jpg 2048w\" sizes=\"(max-width: 2560px) 100vw, 2560px\" \/><\/a><\/div><\/figure><\/div><div class=\"id-226 vcex-image-grid-entry vcex-grid-item textcenter\"><figure class=\"vcex-image-grid-entry-figure wpex-last-mb-0 wpex-clr\"><div class=\"vcex-image-grid-entry-img entry-media wpex-mb-20\"><a href=\"https:\/\/smc-alumni.ch\/wp-content\/uploads\/2024\/08\/SMC-ALUMNI-Summerevent-22-scaled.jpg\" class=\"vcex-image-grid-entry-link wpex-lightbox-group-item\" ><img width=\"1920\" height=\"2560\" src=\"https:\/\/smc-alumni.ch\/wp-content\/uploads\/2024\/08\/SMC-ALUMNI-Summerevent-22-scaled.jpg\" class=\"wpex-align-middle skip-lazy\" alt=\"\" data-no-lazy=\"1\" srcset=\"https:\/\/smc-alumni.ch\/wp-content\/uploads\/2024\/08\/SMC-ALUMNI-Summerevent-22-scaled.jpg 1920w, https:\/\/smc-alumni.ch\/wp-content\/uploads\/2024\/08\/SMC-ALUMNI-Summerevent-22-225x300.jpg 225w, https:\/\/smc-alumni.ch\/wp-content\/uploads\/2024\/08\/SMC-ALUMNI-Summerevent-22-768x1024.jpg 768w, https:\/\/smc-alumni.ch\/wp-content\/uploads\/2024\/08\/SMC-ALUMNI-Summerevent-22-1152x1536.jpg 1152w, https:\/\/smc-alumni.ch\/wp-content\/uploads\/2024\/08\/SMC-ALUMNI-Summerevent-22-1536x2048.jpg 1536w\" sizes=\"(max-width: 1920px) 100vw, 1920px\" \/><\/a><\/div><\/figure><\/div><div class=\"id-228 vcex-image-grid-entry vcex-grid-item textcenter\"><figure class=\"vcex-image-grid-entry-figure wpex-last-mb-0 wpex-clr\"><div class=\"vcex-image-grid-entry-img entry-media wpex-mb-20\"><a href=\"https:\/\/smc-alumni.ch\/wp-content\/uploads\/2024\/08\/SMC-ALUMNI-Summerevent-24-scaled.jpg\" class=\"vcex-image-grid-entry-link wpex-lightbox-group-item\" ><img width=\"2560\" height=\"1920\" src=\"https:\/\/smc-alumni.ch\/wp-content\/uploads\/2024\/08\/SMC-ALUMNI-Summerevent-24-scaled.jpg\" class=\"wpex-align-middle skip-lazy\" alt=\"\" data-no-lazy=\"1\" srcset=\"https:\/\/smc-alumni.ch\/wp-content\/uploads\/2024\/08\/SMC-ALUMNI-Summerevent-24-scaled.jpg 2560w, https:\/\/smc-alumni.ch\/wp-content\/uploads\/2024\/08\/SMC-ALUMNI-Summerevent-24-300x225.jpg 300w, https:\/\/smc-alumni.ch\/wp-content\/uploads\/2024\/08\/SMC-ALUMNI-Summerevent-24-1024x768.jpg 1024w, https:\/\/smc-alumni.ch\/wp-content\/uploads\/2024\/08\/SMC-ALUMNI-Summerevent-24-768x576.jpg 768w, https:\/\/smc-alumni.ch\/wp-content\/uploads\/2024\/08\/SMC-ALUMNI-Summerevent-24-1536x1152.jpg 1536w, https:\/\/smc-alumni.ch\/wp-content\/uploads\/2024\/08\/SMC-ALUMNI-Summerevent-24-2048x1536.jpg 2048w\" sizes=\"(max-width: 2560px) 100vw, 2560px\" \/><\/a><\/div><\/figure><\/div><\/div><\/div><div class=\"vcex-spacing wpex-w-100 wpex-clear\" style=\"height:45px;\"><\/div>[\/vc_column][\/vc_row][\/vc_section]\n<\/div>","protected":false},"excerpt":{"rendered":"<p>[vc_row full_height=\u00a0\u00bbyes\u00a0\u00bb css=\u00a0\u00bb.vc_custom_1733326615690{background-color: rgba(255,255,255,0.8) !important;*background-color: rgb(255,255,255) !important;}\u00a0\u00bb][vc_column][vc_row_inner css=\u00a0\u00bb.vc_custom_1733272043216{padding-right: 40px !important;padding-left: 40px !important;}\u00a0\u00bb][vc_column_inner][vc_column_text css=\u00a0\u00bb\u00a0\u00bb] SMC ALUMNI Veranstaltungen [\/vc_column_text][vc_column_text css=\u00a0\u00bb\u00a0\u00bb] Der Verein SMC ALUMNI organisiert sowohl regionale als auch gesamtschweizerische Veranstaltungen. Die&hellip;<\/p>\n","protected":false},"author":1,"featured_media":0,"parent":0,"menu_order":0,"comment_status":"closed","ping_status":"closed","template":"","meta":{"footnotes":""},"class_list":["post-625","page","type-page","status-publish","hentry","entry","no-media"],"_links":{"self":[{"href":"https:\/\/smc-alumni.ch\/index.php?rest_route=\/wp\/v2\/pages\/625","targetHints":{"allow":["GET"]}}],"collection":[{"href":"https:\/\/smc-alumni.ch\/index.php?rest_route=\/wp\/v2\/pages"}],"about":[{"href":"https:\/\/smc-alumni.ch\/index.php?rest_route=\/wp\/v2\/types\/page"}],"author":[{"embeddable":true,"href":"https:\/\/smc-alumni.ch\/index.php?rest_route=\/wp\/v2\/users\/1"}],"replies":[{"embeddable":true,"href":"https:\/\/smc-alumni.ch\/index.php?rest_route=%2Fwp%2Fv2%2Fcomments&post=625"}],"version-history":[{"count":12,"href":"https:\/\/smc-alumni.ch\/index.php?rest_route=\/wp\/v2\/pages\/625\/revisions"}],"predecessor-version":[{"id":811,"href":"https:\/\/smc-alumni.ch\/index.php?rest_route=\/wp\/v2\/pages\/625\/revisions\/811"}],"wp:attachment":[{"href":"https:\/\/smc-alumni.ch\/index.php?rest_route=%2Fwp%2Fv2%2Fmedia&parent=625"}],"curies":[{"name":"wp","href":"https:\/\/api.w.org\/{rel}","templated":true}]}}